{"id":1609,"date":"2025-12-08T19:39:34","date_gmt":"2025-12-08T19:39:34","guid":{"rendered":"https:\/\/walgmarrakech.com\/?page_id=1609"},"modified":"2026-01-06T14:37:54","modified_gmt":"2026-01-06T14:37:54","slug":"mentions-legales","status":"publish","type":"page","link":"https:\/\/walgmarrakech.com\/en\/mentions-legales\/","title":{"rendered":"Legal Notice"},"content":{"rendered":"<div data-elementor-type=\"wp-page\" data-elementor-id=\"1609\" class=\"elementor elementor-1609\" data-elementor-settings=\"{&quot;element_pack_global_tooltip_width&quot;:{&quot;unit&quot;:&quot;px&quot;,&quot;size&quot;:&quot;&quot;,&quot;sizes&quot;:[]},&quot;element_pack_global_tooltip_width_tablet&quot;:{&quot;unit&quot;:&quot;px&quot;,&quot;size&quot;:&quot;&quot;,&quot;sizes&quot;:[]},&quot;element_pack_global_tooltip_width_mobile&quot;:{&quot;unit&quot;:&quot;px&quot;,&quot;size&quot;:&quot;&quot;,&quot;sizes&quot;:[]},&quot;element_pack_global_tooltip_padding&quot;:{&quot;unit&quot;:&quot;px&quot;,&quot;top&quot;:&quot;&quot;,&quot;right&quot;:&quot;&quot;,&quot;bottom&quot;:&quot;&quot;,&quot;left&quot;:&quot;&quot;,&quot;isLinked&quot;:true},&quot;element_pack_global_tooltip_padding_tablet&quot;:{&quot;unit&quot;:&quot;px&quot;,&quot;top&quot;:&quot;&quot;,&quot;right&quot;:&quot;&quot;,&quot;bottom&quot;:&quot;&quot;,&quot;left&quot;:&quot;&quot;,&quot;isLinked&quot;:true},&quot;element_pack_global_tooltip_padding_mobile&quot;:{&quot;unit&quot;:&quot;px&quot;,&quot;top&quot;:&quot;&quot;,&quot;right&quot;:&quot;&quot;,&quot;bottom&quot;:&quot;&quot;,&quot;left&quot;:&quot;&quot;,&quot;isLinked&quot;:true},&quot;element_pack_global_tooltip_border_radius&quot;:{&quot;unit&quot;:&quot;px&quot;,&quot;top&quot;:&quot;&quot;,&quot;right&quot;:&quot;&quot;,&quot;bottom&quot;:&quot;&quot;,&quot;left&quot;:&quot;&quot;,&quot;isLinked&quot;:true},&quot;element_pack_global_tooltip_border_radius_tablet&quot;:{&quot;unit&quot;:&quot;px&quot;,&quot;top&quot;:&quot;&quot;,&quot;right&quot;:&quot;&quot;,&quot;bottom&quot;:&quot;&quot;,&quot;left&quot;:&quot;&quot;,&quot;isLinked&quot;:true},&quot;element_pack_global_tooltip_border_radius_mobile&quot;:{&quot;unit&quot;:&quot;px&quot;,&quot;top&quot;:&quot;&quot;,&quot;right&quot;:&quot;&quot;,&quot;bottom&quot;:&quot;&quot;,&quot;left&quot;:&quot;&quot;,&quot;isLinked&quot;:true}}\" data-elementor-post-type=\"page\">\n\t\t\t\t<div class=\"elementor-element elementor-element-a12cf5d e-flex e-con-boxed e-con e-parent\" data-id=\"a12cf5d\" data-element_type=\"container\" data-settings=\"{&quot;background_background&quot;:&quot;classic&quot;}\">\n\t\t\t\t\t<div class=\"e-con-inner\">\n\t\t\t\t\t<\/div>\n\t\t\t\t<\/div>\n\t\t<div class=\"elementor-element elementor-element-a7ee50f e-flex e-con-boxed e-con e-parent\" data-id=\"a7ee50f\" data-element_type=\"container\">\n\t\t\t\t\t<div class=\"e-con-inner\">\n\t\t\t\t<div class=\"elementor-element elementor-element-af28ac4 parg elementor-widget elementor-widget-text-editor\" data-id=\"af28ac4\" data-element_type=\"widget\" data-widget_type=\"text-editor.default\">\n\t\t\t\t\t\t\t\t\t<p data-start=\"2103\" data-end=\"2290\">French Association of Left-Handed Golfers (AFGG)<br data-start=\"2175\" data-end=\"2178\" \/>Adresse : 7 rue des Bermudes, 31240 Saint Jean<br data-start=\"2224\" data-end=\"2227\" \/>Email : <a class=\"decorated-link cursor-pointer\" rel=\"noopener\" data-start=\"2235\" data-end=\"2250\">contact@afgg.fr<\/a><\/p><p data-start=\"2292\" data-end=\"2444\"><strong data-start=\"2292\" data-end=\"2315\">Website hosting<\/strong><br data-start=\"2315\" data-end=\"2318\" \/>Le site est h\u00e9berg\u00e9 par : Hostinger<br data-start=\"2364\" data-end=\"2367\" \/>Adresse : Marrakech, Maroc<br data-start=\"2401\" data-end=\"2404\" \/>T\u00e9l\u00e9phone : <a href=\"tel:+33777317528\"><span class=\"elementor-icon-list-text\">+33\u00a07\u00a077\u00a031\u00a075\u00a028<\/span><\/a><\/p><p data-start=\"2446\" data-end=\"2615\" class=\"translation-block\"><strong data-start=\"\u201c2446\u201d\" data-end=\"\u201c2474\u201d\">Intellectual property<\/strong><br data-start=\"\u20182474\u2019\" data-end=\"\u201c2477\u201d\">All content on this website (text, images, logos) is the exclusive property of the AFGG and may not be reproduced without permission.<\/p><p data-start=\"2617\" data-end=\"2782\" class=\"translation-block\"><strong data-start=\"\u201c2617\u201d\" data-end=\"\u201c2635\u201d\">Liability<\/strong><br data-start=\"\u20182635\u2019\" data-end=\"\u201c2638\u201d\">The AFGG cannot be held liable for any direct or indirect damage related to the use of the website or the booking of services offered.<\/p>\t\t\t\t\t\t\t\t<\/div>\n\t\t\t\t<div class=\"elementor-element elementor-element-558621a elementor-widget elementor-widget-heading\" data-id=\"558621a\" data-element_type=\"widget\" data-widget_type=\"heading.default\">\n\t\t\t\t\t<h5 class=\"elementor-heading-title elementor-size-default\">Payment Methods<\/h5>\t\t\t\t<\/div>\n\t\t\t\t<div class=\"elementor-element elementor-element-5be9b44 parg elementor-widget elementor-widget-text-editor\" data-id=\"5be9b44\" data-element_type=\"widget\" data-widget_type=\"text-editor.default\">\n\t\t\t\t\t\t\t\t\t<p data-path-to-node=\"10\" class=\"translation-block\">For the security of your transactions, the site uses the secure payment solution Payezone. All banking data is encrypted and processed directly by our payment provider.<\/p>\t\t\t\t\t\t\t\t<\/div>\n\t\t\t\t<div class=\"elementor-element elementor-element-c7b99c7 elementor-widget elementor-widget-heading\" data-id=\"c7b99c7\" data-element_type=\"widget\" data-widget_type=\"heading.default\">\n\t\t\t\t\t<h5 class=\"elementor-heading-title elementor-size-default\">Terms and Conditions (T&amp;Cs) \u2013 Tournament Reservations<\/h5>\t\t\t\t<\/div>\n\t\t\t\t<div class=\"elementor-element elementor-element-a954cf6 parg elementor-widget elementor-widget-text-editor\" data-id=\"a954cf6\" data-element_type=\"widget\" data-widget_type=\"text-editor.default\">\n\t\t\t\t\t\t\t\t\t<p data-start=\"2863\" data-end=\"3010\" class=\"translation-block\"><strong data-start=\"\u201c2863\u201d\" data-end=\"\u201c2872\u201d\">Purpose<\/strong><br data-start=\"\u20182872\u2019\" data-end=\"\u201c2875\u201d\">These terms and conditions govern the booking of stays and services offered by the AFGG for left-handed golf tournaments.<\/p><p data-start=\"3012\" data-end=\"3038\"><strong data-start=\"3012\" data-end=\"3036\">Services included<\/strong><\/p><ul data-start=\"3039\" data-end=\"3296\"><li data-start=\"3039\" data-end=\"3124\"><p data-start=\"3041\" data-end=\"3124\">Six nights' accommodation at the Kenzi Rose Garden Hotel with daily breakfast<\/p><\/li><li data-start=\"3125\" data-end=\"3168\"><p data-start=\"3127\" data-end=\"3168\">Welcome function on Sunday evening<\/p><\/li><li data-start=\"3169\" data-end=\"3233\"><p data-start=\"3171\" data-end=\"3233\">Gala dinner, prize presentation with live entertainment on Friday evening<\/p><\/li><li data-start=\"3234\" data-end=\"3296\"><p data-start=\"3236\" data-end=\"3296\">Transfers from the Kenzi Rose Garden Hotel to the golf courses<\/p><\/li><\/ul><p data-start=\"3298\" data-end=\"3451\" class=\"translation-block\"><b>Reservation and payment <\/b><br>The reservation is confirmed after full payment or a deposit has been made according to the terms and conditions indicated at the time of booking.<\/p><p data-start=\"3453\" data-end=\"3486\"><strong data-start=\"3453\" data-end=\"3484\"><strong>Cancellation and refund<\/strong><\/strong><\/p><ul data-start=\"3487\" data-end=\"3665\"><li data-start=\"3487\" data-end=\"3554\"><p data-start=\"3489\" data-end=\"3554\" class=\"translation-block\">All cancellations must be notified by email to <a class=\"decorated-link cursor-pointer\" rel=\"noopener\" data-start=\"\u201c3537\u201d\" data-end=\"\u201c3552\u201d\" target=\"_self\">contact@afgg.fr<\/a>.<\/p><\/li><li data-start=\"3555\" data-end=\"3665\"><p data-start=\"3557\" data-end=\"3665\">Refund conditions depend on the cancellation period and will be specified at the time of booking.<\/p><\/li><\/ul><p data-start=\"3667\" data-end=\"3784\" class=\"translation-block\"><strong data-start=\"\u201c3667\u201d\" data-end=\"\u201c3698\u201d\">Reservation changes<\/strong><br data-start=\"\u20183698\u2019\" data-end=\"\u201c3701\u201d\">All changes must be requested by email and are subject to availability.<\/p><p data-start=\"3786\" data-end=\"3910\" class=\"translation-block\"><strong data-start=\"\u201c3786\u201d\" data-end=\"\u201c3804\u201d\">Liability<\/strong><br data-start=\"\u20183804\u2019\" data-end=\"\u201c3807\u201d\">The AFGG cannot be held liable for any loss, accident, or damage occurring during the stay.<\/p>\t\t\t\t\t\t\t\t<\/div>\n\t\t\t\t<div class=\"elementor-element elementor-element-6a349ce elementor-widget elementor-widget-heading\" data-id=\"6a349ce\" data-element_type=\"widget\" data-widget_type=\"heading.default\">\n\t\t\t\t\t<h5 class=\"elementor-heading-title elementor-size-default\">Reimbursement<\/h5>\t\t\t\t<\/div>\n\t\t\t\t<div class=\"elementor-element elementor-element-b6530ae parg elementor-widget elementor-widget-text-editor\" data-id=\"b6530ae\" data-element_type=\"widget\" data-widget_type=\"text-editor.default\">\n\t\t\t\t\t\t\t\t\t<p>A full refund will be granted until August 31, 2026. No refunds will be given after September 1.<\/p>\t\t\t\t\t\t\t\t<\/div>\n\t\t\t\t\t<\/div>\n\t\t\t\t<\/div>\n\t\t<div class=\"elementor-element elementor-element-04da29b e-flex e-con-boxed e-con e-parent\" data-id=\"04da29b\" data-element_type=\"container\">\n\t\t\t\t\t<div class=\"e-con-inner\">\n\t\t\t\t<div class=\"elementor-element elementor-element-8ad623f elementor-widget elementor-widget-image\" data-id=\"8ad623f\" data-element_type=\"widget\" data-widget_type=\"image.default\">\n\t\t\t\t\t\t\t\t\t\t\t\t\t\t\t<img fetchpriority=\"high\" decoding=\"async\" width=\"800\" height=\"83\" src=\"https:\/\/walgmarrakech.com\/wp-content\/uploads\/2026\/01\/Box2-1024x106.png\" class=\"attachment-large size-large wp-image-1870\" alt=\"\" srcset=\"https:\/\/walgmarrakech.com\/wp-content\/uploads\/2026\/01\/Box2-1024x106.png 1024w, https:\/\/walgmarrakech.com\/wp-content\/uploads\/2026\/01\/Box2-300x31.png 300w, https:\/\/walgmarrakech.com\/wp-content\/uploads\/2026\/01\/Box2-768x79.png 768w, https:\/\/walgmarrakech.com\/wp-content\/uploads\/2026\/01\/Box2-18x2.png 18w, https:\/\/walgmarrakech.com\/wp-content\/uploads\/2026\/01\/Box2-600x62.png 600w, https:\/\/walgmarrakech.com\/wp-content\/uploads\/2026\/01\/Box2.png 1162w\" sizes=\"(max-width: 800px) 100vw, 800px\" \/>\t\t\t\t\t\t\t\t\t\t\t\t\t\t\t<\/div>\n\t\t\t\t\t<\/div>\n\t\t\t\t<\/div>\n\t\t\t\t<\/div>","protected":false},"excerpt":{"rendered":"<p>Association Fran\u00e7aise des Golfeurs Gauchers (AFGG)Adresse : 7 rue des Bermudes, 31240 Saint JeanEmail : contact@afgg.fr H\u00e9bergement du siteLe site est h\u00e9berg\u00e9 par : HostingerAdresse : Marrakech, MarocT\u00e9l\u00e9phone : +33\u00a07\u00a077\u00a031\u00a075\u00a028 Propri\u00e9t\u00e9 intellectuelleTous les contenus du site (textes, images, logos) sont la propri\u00e9t\u00e9 exclusive de l\u2019AFGG et ne peuvent \u00eatre reproduits sans autorisation. Responsabilit\u00e9L\u2019AFGG ne peut [&hellip;]<\/p>\n","protected":false},"author":1,"featured_media":0,"parent":0,"menu_order":0,"comment_status":"closed","ping_status":"closed","template":"","meta":{"footnotes":""},"class_list":["post-1609","page","type-page","status-publish","hentry"],"_links":{"self":[{"href":"https:\/\/walgmarrakech.com\/en\/wp-json\/wp\/v2\/pages\/1609","targetHints":{"allow":["GET"]}}],"collection":[{"href":"https:\/\/walgmarrakech.com\/en\/wp-json\/wp\/v2\/pages"}],"about":[{"href":"https:\/\/walgmarrakech.com\/en\/wp-json\/wp\/v2\/types\/page"}],"author":[{"embeddable":true,"href":"https:\/\/walgmarrakech.com\/en\/wp-json\/wp\/v2\/users\/1"}],"replies":[{"embeddable":true,"href":"https:\/\/walgmarrakech.com\/en\/wp-json\/wp\/v2\/comments?post=1609"}],"version-history":[{"count":31,"href":"https:\/\/walgmarrakech.com\/en\/wp-json\/wp\/v2\/pages\/1609\/revisions"}],"predecessor-version":[{"id":1888,"href":"https:\/\/walgmarrakech.com\/en\/wp-json\/wp\/v2\/pages\/1609\/revisions\/1888"}],"wp:attachment":[{"href":"https:\/\/walgmarrakech.com\/en\/wp-json\/wp\/v2\/media?parent=1609"}],"curies":[{"name":"wp","href":"https:\/\/api.w.org\/{rel}","templated":true}]}}